{"id":1199,"date":"2025-10-29T11:56:31","date_gmt":"2025-10-29T10:56:31","guid":{"rendered":"https:\/\/www.pro-act.at\/Jugendgemeinderat-Graz\/?page_id=1199"},"modified":"2025-10-30T18:41:40","modified_gmt":"2025-10-30T17:41:40","slug":"impressum","status":"publish","type":"page","link":"https:\/\/www.pro-act.at\/Jugendgemeinderat-Graz\/impressum\/","title":{"rendered":"Impressum"},"content":{"rendered":"\n<p><strong>Verein Jugendtreffpunkt Dietrichskeusch&#8217;n<\/strong><\/p>\n\n\n\n<p><\/p>\n\n\n\n<p>Dietrichsteinplatz 9, 8010 Graz<br \/>ZVR 373539196<br \/>+43 316 81 32 90<br \/><br \/><strong>Obmann<\/strong>: Ren\u00e9 Rupp<br \/><strong>Kassierin<\/strong>: Lea Lederer<br \/><strong>Schriftf\u00fchrerin<\/strong>: Natalie Ziermann<\/p>\n\n\n\n<p>Wir bezwecken aktive Freizeitgestaltung von Jugendlichen und wir bieten einerseits Freir\u00e4ume f\u00fcr gemeinsame Freizeitaktivit\u00e4ten und andererseits Freir\u00e4ume zur Entwicklung des Sozialverhaltens von Jugendlichen.<\/p>\n\n\n\n<p><strong>Copyright<\/strong><br \/>Alle Rechte vorbehalten. S\u00e4mtliche Inhalte wie Texte, Bilder, Grafiken, Ton- und Videodateien sowie deren Arrangements unterliegen dem Schutz des Urheberrechts und anderen Gesetzen zum Schutz geistigen Eigentums wie dem Patent-, Marken- und Urheberrecht. Inhalte dieser Website d\u00fcrfen nicht ohne Zustimmung kopiert, verbreitet oder ver\u00e4ndert werden. Einige Inhalte unterliegen zudem dem Urheberrecht Dritter.<\/p>\n\n\n\n<p><strong>Social Media Pr\u00e4senz<\/strong><br \/>Wir betreiben Onlinepr\u00e4senzen in sozialen Netzwerken und auf Plattformen, um mit dort aktiven Personen in Kontakt zu treten sowie \u00fcber unsere Leistungen und Angebote zu informieren. Beim Aufruf der jeweiligen Netzwerke und Plattformen gelten die Gesch\u00e4ftsbedingungen sowie die Datenschutzrichtlinien der jeweiligen Betreiber.<\/p>\n\n\n\n<p><strong>Facebook<\/strong><br \/>Auf unseren Seiten sind Plugins des sozialen Netzwerks Facebook, Anbieter Facebook Inc., 1 Hacker Way, Menlo Park, California 94025, USA, integriert. Wir weisen darauf hin, dass wir als Anbieter*innen der Seiten keine Kenntnis vom Inhalt der \u00fcbermittelten Daten sowie deren Nutzung durch Facebook erhalten. Weitere Informationen hierzu finden Sie in der Datenschutzerkl\u00e4rung von Facebook unter: <a href=\"https:\/\/de-de.facebook.com\/policy.php\">https:\/\/de-de.<\/a><a href=\"https:\/\/de-de.facebook.com\/policy.php\" target=\"_blank\" rel=\"noreferrer noopener\">facebook<\/a><a href=\"https:\/\/de-de.facebook.com\/policy.php\">.com\/policy.php<\/a>.<\/p>\n\n\n\n<p><strong>Instagram<\/strong><br \/>Auf unseren Seiten sind Plugins des sozialen Netzwerks Instagram, Anbieter Instagram Inc., 1601 Willow Road, Menlo Park, CA 94025, USA, integriert. Wir weisen darauf hin, dass wir als Anbieter*innen der Seiten keine Kenntnis vom Inhalt der \u00fcbermittelten Daten sowie deren Nutzung durch Instagram erhalten. Weitere Informationen hierzu finden Sie in der Datenschutzerkl\u00e4rung von Instagram: <a href=\"https:\/\/instagram.com\/about\/legal\/privacy\/\" target=\"_blank\" rel=\"noreferrer noopener\">https:\/\/instagram.com\/about\/legal\/privacy\/<\/a>.<\/p>\n\n\n\n<p><strong>YouTube<\/strong><br \/>Auf unseren Seiten sind Plugins des sozialen Netzwerks YouTube, Anbieter Google LLC, 1600 Amphitheatre Parkway, Mountain View, CA 94043, USA, integriert. Wir weisen darauf hin, dass wir als Anbieter*innen der Seiten keine Kenntnis vom Inhalt der \u00fcbermittelten Daten sowie deren Nutzung durch YouTube erhalten. Weitere Informationen hierzu finden Sie in der Datenschutzerkl\u00e4rung von YouTube: <a href=\"https:\/\/www.google.com\/policies\/privacy\/\" target=\"_blank\" rel=\"noreferrer noopener\">https:\/\/www.google.com\/policies\/privacy\/<\/a>.<\/p>\n\n\n\n<p><strong>TikTok<\/strong><br \/>Auf unseren Seiten sind Plugins des sozialen Netzwerks TikTok, Anbieter TikTok Technology Limited, The Sorting Office, Ropemaker Place Dublin 2, Dublin, D02 HD23, Ireland, integriert. Wir weisen darauf hin, dass wir als Anbieter*innen der Seiten keine Kenntnis vom Inhalt der \u00fcbermittelten Daten sowie deren Nutzung durch TikTok erhalten. Weitere Informationen hierzu finden Sie in der Datenschutzerkl\u00e4rung von TikTok: <a href=\"https:\/\/www.tiktok.com\/legal\/page\/eea\/privacy-policy\/de\" target=\"_blank\" rel=\"noreferrer noopener\">https:\/\/www.tiktok.com\/legal\/page\/eea\/privacy-policy\/de<\/a>.<\/p>\n\n\n\n<p><strong>WhatApp<\/strong><br \/>Auf unseren Seiten sind Plugins des sozialen Netzwerks WhatsApp, Anbieter WhatsApp Ireland Limited, Merrion Road, Dublin 4, D04 X2K5, Ireland, integriert. Wir weisen darauf hin, dass wir als Anbieter*innen der Seiten keine Kenntnis vom Inhalt der \u00fcbermittelten Daten sowie deren Nutzung durch WhatsApp erhalten. Weitere Informationen hierzu finden Sie in der Datenschutzerkl\u00e4rung von WhatsApp: <a href=\"https:\/\/www.whatsapp.com\/legal\/privacy-policy-eea\" target=\"_blank\" rel=\"noreferrer noopener\">https:\/\/www.whatsapp.com\/legal\/privacy-policy-eea<\/a>.<\/p>\n","protected":false},"excerpt":{"rendered":"<p>Verein Jugendtreffpunkt Dietrichskeusch&#8217;n Dietrichsteinplatz 9, 8010 GrazZVR 373539196+43 316 81 32 90 Obmann: Ren\u00e9 RuppKassierin: Lea LedererSchriftf\u00fchrerin: Natalie Ziermann Wir bezwecken aktive Freizeitgestaltung von Jugendlichen und wir bieten einerseits Freir\u00e4ume f\u00fcr gemeinsame Freizeitaktivit\u00e4ten und andererseits Freir\u00e4ume zur Entwicklung des Sozialverhaltens von Jugendlichen. CopyrightAlle Rechte vorbehalten. S\u00e4mtliche Inhalte wie Texte, Bilder, Grafiken, Ton- und Videodateien sowie [&hellip;]<\/p>\n","protected":false},"author":4,"featured_media":0,"parent":0,"menu_order":0,"comment_status":"closed","ping_status":"closed","template":"","meta":{"footnotes":""},"class_list":["post-1199","page","type-page","status-publish","hentry"],"_links":{"self":[{"href":"https:\/\/www.pro-act.at\/Jugendgemeinderat-Graz\/wp-json\/wp\/v2\/pages\/1199","targetHints":{"allow":["GET"]}}],"collection":[{"href":"https:\/\/www.pro-act.at\/Jugendgemeinderat-Graz\/wp-json\/wp\/v2\/pages"}],"about":[{"href":"https:\/\/www.pro-act.at\/Jugendgemeinderat-Graz\/wp-json\/wp\/v2\/types\/page"}],"author":[{"embeddable":true,"href":"https:\/\/www.pro-act.at\/Jugendgemeinderat-Graz\/wp-json\/wp\/v2\/users\/4"}],"replies":[{"embeddable":true,"href":"https:\/\/www.pro-act.at\/Jugendgemeinderat-Graz\/wp-json\/wp\/v2\/comments?post=1199"}],"version-history":[{"count":10,"href":"https:\/\/www.pro-act.at\/Jugendgemeinderat-Graz\/wp-json\/wp\/v2\/pages\/1199\/revisions"}],"predecessor-version":[{"id":1219,"href":"https:\/\/www.pro-act.at\/Jugendgemeinderat-Graz\/wp-json\/wp\/v2\/pages\/1199\/revisions\/1219"}],"wp:attachment":[{"href":"https:\/\/www.pro-act.at\/Jugendgemeinderat-Graz\/wp-json\/wp\/v2\/media?parent=1199"}],"curies":[{"name":"wp","href":"https:\/\/api.w.org\/{rel}","templated":true}]}}