{"id":230,"date":"2013-08-20T09:06:52","date_gmt":"2013-08-20T08:06:52","guid":{"rendered":"http:\/\/www.pro-act.at\/Jugendgemeinderat-Graz\/?page_id=230"},"modified":"2025-07-03T15:02:35","modified_gmt":"2025-07-03T14:02:35","slug":"projekte","status":"publish","type":"page","link":"https:\/\/www.pro-act.at\/Jugendgemeinderat-Graz\/projekte\/","title":{"rendered":"Gef\u00f6rderte Projekte"},"content":{"rendered":"<p>Hier\u00a0kannst du dir ansehen, welche Ideen in den letzten Jahren mit dem proAct Jugendbudget realisiert wurden!<\/p>\n<p><strong>2025 wurden 204 Projektstimmen von 102 wahlberechtigten Personen abgegeben, wovon 13 leere Stimmen waren. Mit einer Stimmen-Mehrheit erhielten folgende Projekte eine F\u00f6rderung in H\u00f6he von \u20ac 5.000.-:<\/strong><\/p>\n<p>15,7% Spray to Go &#8211; Ein Parfum-Automat im \u00f6ffentlichen Raum, damit Nutzer*innen die M\u00f6glichkeit haben stets gut riechend durch den Alltag zu gehen.<\/p>\n<p>14,2% Luxus Check &#8211; Macht Luxus gl\u00fccklich? Ein Experiment, das Luxus auf die Probe stellt.<\/p>\n<p>10,8% Brunnen f\u00fcr die Bed\u00fcrftigen &#8211; Bau von Brunnen f\u00fcr die Versorgung mit Trinkwasser, wo es am dringendsten ben\u00f6tigt wird. Anschlie\u00dfende Pilgerfahrt nach Mekka und Medina.<\/p>\n<p>9,3% Unterwegs: Eine Reise \u00fcber Grenzen hinweg &#8211; Mehrt\u00e4tige Gruppenreise, be der junge Menschen gemeinsam unterwegs sind, neue Orte entdecken und sich mit Geschichte, Zusammenleben und der Frage besch\u00e4ftigen, was sie mit Europa zu tun haben.<\/p>\n<p>8,8% In Fall &#8211; Mit Hilfe von kurzen Filmen, Memes, Designs und Events sollen Jugendliche auf tiefgehende und ehrliche Art inspiriert und unterst\u00fctzt werden. Dabei soll alles m\u00f6glich sein: kreativ, emotional, tiefgr\u00fcndig, unterhaltsam.<\/p>\n<p>8,3% Productive Talk &#8211; Ein kreatives Projekt, das mit Podcast und Challenges Motivation, Alltag und pers\u00f6nliche Entwicklung spannend und greifbar macht. Das Projekt soll Menschen helfen, im Alltag produktiver und strukturierter zu sein.<\/p>\n<p>7,4% Race Together &#8211; Unter dem Motto \u201eKarting for friendship\u201c soll ein Kart-Turnier mit unterschiedlichen Gruppenspielen organisiert werden. Jugendliche sollen dabei zusammenwachsen und neue Leute kennenlernen.<\/p>\n<p><strong>2024 wurden 468 Projektstimmen von 234 wahlberechtigten Personen abgegeben, wovon 40 leere Stimmen waren. Mit einer Stimmen-Mehrheit erhielten folgende Projekte eine F\u00f6rderung:<\/strong><\/p>\n<p>9,8% TechLab Graz &#8211; Er\u00f6ffnet Jugendlichen den Weg zu konstenfreier High-Tech und kreativen, praxisorientierten Workshops. (\u20ac 5.000.-)<\/p>\n<p>9,4% Jugend im Fokus: Gemeinsam f\u00fcr eine lebendige Zukunft &#8211; Freizeitaktivit\u00e4ten f\u00fcr Jugendliche, um dem stressigen Alltag zu entfliehen. (\u20ac 5.000.-)<\/p>\n<p>8,8% Destination Vacation &#8211; Ein spannendes Abenteuer voller Action, kultureller Vielfalt und unvergesslichen Erlebnissen. Eine Reise, die ein unvergessliches Abenteuer wird. (\u20ac 5.000.-)<\/p>\n<p>7,5% A Tale of Two Cities &#8211; Ein Dokumentarfilm \u00fcber das Leben von Menschen, die aus anderen L\u00e4ndern f\u00fcr das Studium nach Graz kommen und sich zwischen verschiedenen Kulturen bewegen. (\u20ac 5.000.-)<\/p>\n<p>6,8% PLUGWEAR &#8211; Streetwear-Modesalon f\u00fcr Jugendliche und junge Erwachsene, in dem Online-Marken in einem Offline-Store verkauft werden. (\u20ac 5.000.-)<\/p>\n<p>6,2% SCORAL &#8211; Errichtung eines Raumes, in dem Jugendliche Sportarten wie Kampfsport, Calisthenics, Yoga usw. kostenlos trainieren k\u00f6nnen. (\u20ac 5.000.-)<\/p>\n<p>5,8% Memory+ &#8211; Erstellung einer Lernplattform basierend auf wissenschaftlichen Methoden, um die Lerngeschwindigkeit zu verbessern. (\u20ac 3.800.-)<\/p>\n<p><strong>2023 wurden 348 Projektstimmen von 174 wahlberechtigten Personen abgegeben, wovon 21 leere Stimmen waren. Darunter wurden gew\u00e4hlt:<\/strong><\/p>\n<p>15,2% Safe Space &#8211; Jugend. Aufkl\u00e4rung. Zukunft. Durch Workshops an Schulen sollen das Bewusstsein und Verst\u00e4ndnis f\u00fcr wichtige gesellschaftliche Themen, wie Mobbing, Rassismus, Gleichberechtigung und Nachhaltigkeit, gef\u00f6rdert werden. (\u20ac 5.000.-)<\/p>\n<p>13,8% Natura &#8211; Jugendliche und die Natur. Organisation von Jugend-Casmps in der Dachstein-Region (Schladming\/Ramsau). (\u20ac 5.000.-)<\/p>\n<p>12,6% Beyond Borders &#8211; Entdecke die Welt und erweitere deinen Horizont. Eine unvergessliche Kulturreise, um neue Welten zu entdecken. (\u20ac 5.000.-)<\/p>\n<p>9,5% Wanderlust &#8211; Eine M\u00f6glichkeit f\u00fcr Jugendliche g\u00fcnstig ins Ausland zu reisen, sich pers\u00f6nlich weiterzuentwickeln und seelisch fit zu bleiben. (\u20ac 5.000.-)<\/p>\n<p>8,9% InterFun &#8211; Kulturreise durch Europa verbunden mit Fun &amp; Action. Mit Hilfe von Interrail soll m\u00f6glichst klimafreundlich gereist werden. (\u20ac 5.000.-)<\/p>\n<p>8,6% Kulinarischer Austausch &#8211; Koch-Workshops zu bestimmten Spezialit\u00e4ten aus verschiedenen L\u00e4ndern und interkultureller Austausch durch kochen &amp; essen. (\u20ac 5.000.-)<\/p>\n<p>5,2% Vogel hin oder her &#8211; ich geh\u00f6r hier her &#8211; Schaffen wir ein Zuhause f\u00fcr unsere gefiederten Freunde. Unterst\u00fctzung von V\u00f6geln durch Brutk\u00e4sten in Grazer W\u00e4ldern. (\u20ac 5.000.-)<\/p>\n<p><strong>2022 wurden 524 Projektstimmen von 131 wahlberechtigten Personen abgegeben, wovon 116 leere Stimmen waren.<\/strong><\/p>\n<p>Im Rahmen von &#8222;proAct green&#8220; gab es 2022 ein zus\u00e4tzliches Jugendbudget in H\u00f6he von \u20ac 25.000.- nur f\u00fcr nachhaltige Projekte.<\/p>\n<p><strong>Die 10 gew\u00e4hlten Projekte 2022 waren:<\/strong><\/p>\n<p>33,2% Go Healthy, Go Green (<span style=\"color: #a7b934;\"><strong>proAct green<\/strong><\/span>) &#8211; Erstellung eines professionellen Social-Media-Accounts zu den Themen Sport, Ern\u00e4hrung und Klimawandel. (\u20ac 5.000.-)<\/p>\n<p>22,1% Poetry Slam &#8211; Wenn Worte meine Sprache w\u00e4ren (<strong><span style=\"color: #e64142;\">proAct classic<\/span><\/strong>) &#8211; Junge Menschen, die sich f\u00fcr Rap, Poetry Slam und Poesie interessieren sollen bef\u00e4higt werden eigene Texte zu schreiben und diese vor Publikum zu performen. (\u20ac 5.000.-)<\/p>\n<p>15,6% Socials (<span style=\"color: #a7b934;\"><strong>proAct green<\/strong><\/span>) &#8211; Das neue Grazer Jugendmagazin. Von Jugendlichen f\u00fcr Jugendliche. Nachhaltig und klimaneutral produziert in Graz. (\u20ac 5.000.-)<br \/>\nInstagram: <a href=\"https:\/\/instagram.com\/socials_magazin\">socials_magazin<\/a><\/p>\n<p>14,9% Die Reise durch die Kultur (<span style=\"color: #e64142;\"><strong>proAct classic<\/strong><\/span>) &#8211; Austausch \u00fcber und Kennenlernen von neuen und diversen Kulturen durch Workshops, Reisen, Museumsbesuche etc.<br \/>\n(\u20ac 5.000.-)<\/p>\n<p>13,4% MOTSPILL (<strong><span style=\"color: #e64142;\">proAct classic<\/span><\/strong>) &#8211; Organisation von Ausfl\u00fcgen f\u00fcr Jugendliche. Sport, Chill &amp; Freizeitgestaltung. (\u20ac 5.000.-)<\/p>\n<p>13% YOUth! (<span style=\"color: #e64142;\"><strong>proAct classic<\/strong><\/span>) &#8211; Warum nicht selbst mitentscheiden? Challenges, Turniere, \u2026 &#8211; Alles worauf YOUth! Bock hat! YOUth!-Botschafter:innen tragen die W\u00fcnsche von Jugendlichen an das YOUth!-Team weiter und entscheiden selbst, welche Aktivit\u00e4ten stattfinden sollen. (\u20ac 5.000.-)<\/p>\n<p>12,2% Hand in Hand f\u00fcrs Handball (<span style=\"color: #e64142;\"><strong>proAct classic<\/strong><\/span>) &#8211; Eat. Sleep. Handball. Repeat! F\u00f6rderung des Jugend-Handballs. (\u20ac 5.000.-)<\/p>\n<p>9,5% Ab ins Abenteuer (<span style=\"color: #a7b934;\"><strong>proAct green<\/strong><\/span>) &#8211; Bau eines Camps mit T\u00fcrmen, Br\u00fccken, Seilrutschen, Kochstellen und Zelten aus nachhaltigen Materialien. (\u20ac 5.000.-)<\/p>\n<p>7,6% Make Austria plastikfrei again (<span style=\"color: #a7b934;\"><strong>proAct green<\/strong><\/span>) &#8211; Plastik hat nichts in der Umwelt verloren! Klimaneutrales Reisen, um die Natur vom Plastikm\u00fcll zu befreien. (\u20ac 5.000.-)<\/p>\n<p>4,6% UFO der neuen Art (<span style=\"color: #a7b934;\"><strong>proAct green<\/strong><\/span>) &#8211; Ein Bild sagt mehr als tausend Worte. Dokumentation von und Sensibilisierung auf Umwelt- und Artenschutz-Themen.<br \/>\n(\u20ac 5.000.-)<\/p>\n<p><strong>2021 wurden 238 Projektstimmen von 119 wahlberechtigten Personen abgegeben, wovon 38 leere Stimmen waren. <\/strong><strong>Darunter wurden gew\u00e4hlt:<\/strong><\/p>\n<p>19,7% Grazer Ehrenbros \u2013Sensibilisierung von m\u00e4nnlichen Jugendlichen aus marginalisierten Communities, zu bestimmten Themen und mit unterschiedlichen Methoden. (5.000 \u20ac)<\/p>\n<p>18,9% Reisen mit Message \u2013 Reisen durch verschiedene St\u00e4dte in \u00d6sterreich, um Jugendlichen die Chance zu geben sich mit aktuellen gesellschaftsrelevanten Herausforderungen auseinanderzusetzen und gemeinsam an m\u00f6glichen L\u00f6sungen zu arbeiten. (5.000 \u20ac)<br \/>\nInstagram:<a href=\"https:\/\/www.instagram.com\/reisenmitmessage\/\">\u00a0reisenmitmessage<\/a><\/p>\n<p>15,1% Trau Dich! \u2013 Fass deinen Mut und entdecke was du wirklich kannst. Boys Days f\u00fcr die Elementarp\u00e4dagogik. (5.000 \u20ac)<br \/>\nInstagram:\u00a0<a href=\"https:\/\/www.instagram.com\/traudich.official\">traudich.official<\/a><\/p>\n<p>7,6% Haselmaus Wanted! \u2013 Auf den Spuren der Haselmaus in drei Grazer W\u00e4ldern &amp; Sensibilisierung Jugendlicher f\u00fcr den Artenschutz.\u00a0 (2.750 \u20ac)<br \/>\nInstagram:\u00a0<a href=\"https:\/\/www.instagram.com\/haselmaus_wanted\/\">haselmaus_wanted<\/a><\/p>\n<p>7,6% Youth Your Truth \u2013 Ein wandernder \u201eSpeakers\u2018 Corner\u201c, um Jugendlichen eine Stimme zu geben. Im Herbst 2021 sollen dann die drei Themen Zukunft nach Corona, Diskriminierung und Klimawandel im \u00f6ffentlichen Raum diskutiert werden. (3.270 \u20ac)<br \/>\nInstagram:\u00a0<a href=\"https:\/\/www.instagram.com\/youthyourtruth\/\">youthyourtruth<\/a><\/p>\n<p>Poetry4Nepal \u2013 Online-Benefiz-Poetry-Slam um Sozialprojekte in Nepal zu unterst\u00fctzen. (5.000 \u20ac)<br \/>\nInstagram:\u00a0<a href=\"https:\/\/www.instagram.com\/poetry4nepal\/\">poetry4nepal<\/a><\/p>\n<p>Summerside \u2013 Das sichere Outdoor Clubbing in deinem Veranstaltungskalender. An der Cobacabana soll ein Event f\u00fcr junge Leute, unter Einhaltung der aktuellen Covid19-Ma\u00dfnbahmenverordnung, realisiert werden. (5.000 \u20ac)<br \/>\nInstagram:\u00a0<a href=\"https:\/\/www.instagram.com\/summerside_graz\/\">summerside_graz<\/a><\/p>\n<p>2,9% Wir sind Graz \u2013 Make Handball Graz great again! Trainingsger\u00e4te &amp; Sportkleidung f\u00fcr das U16-Damen-Team vom UHC Graz. (4.000 \u20ac)<br \/>\nInstagram:<a href=\"https:\/\/www.instagram.com\/uhc_graz\/\">\u00a0uhc_graz<\/a><\/p>\n<p><strong>2019 wurden 360 Projektstimmen von 180 wahlberechtigten Personen abgegeben, wovon 45 leere Stimmen waren. Darunter wurden gew\u00e4hlt:<\/strong><\/p>\n<p>12,2% Just for YOUth &#8211; Jugendf\u00f6rderung in den Bereichen Kultur, K\u00f6rperwahrnehmung und F\u00e4higkeiten\/Talente (7.000 \u20ac)<\/p>\n<p>11,1% Bildungs- und Kulturreise England &#8211; Reise nach London, um dort Sprache, aber auch den Mix der Kulturen, Traditionen und Religionen kennenzulernen (7.000 \u20ac)<\/p>\n<p>10,8% Next Level &#8211; Ein Ort, wo Jugendliche unter sich sein k\u00f6nnen und ihre Talente in unterschiedlichen Disziplinen unter Beweis stellen (7.000 \u20ac)<br \/>\nInstagram: _next_level_7<\/p>\n<p>9,2% Generation \u00d6 &#8211; Video-Reihe \u00fcber Menschen mit verschiedenen Hintergr\u00fcnden, ihre Ambitionen und ihre Geschichten (5.300 \u20ac)<\/p>\n<p><strong>2018 wurden 166 Stimmen abgegeben. Darunter wurden gew\u00e4hlt:<\/strong><\/p>\n<p>19,9% No Limit &#8211; Regelm\u00e4\u00dfige Hip-Hop- &amp; Party-Events in Graz (7.000 \u20ac)<br \/>\n<a href=\"https:\/\/www.facebook.com\/nolimiteventsgraz\/\">https:\/\/www.facebook.com\/nolimiteventsgraz\/<\/a><\/p>\n<p>16,9% I Bims Graz &#8211; Creativity Contest &#8211;\u00a0Kreativit\u00e4tswettbewerb und Workshops f\u00fcr Jugendliche und junge Erwachsene zu den Themen \u201eMusik\/Video\u201c, \u201eB\u00fchne\/Text\u201c und \u201eFotografie\/Art-Kunst\u201c (7.000 \u20ac)<br \/>\n<a href=\"http:\/\/www.ibimsgraz.at\">http:\/\/www.ibimsgraz.at<\/a><\/p>\n<p>12,7% Der Grazer Schulball &#8211; Schul\u00fcbergreifender Ball im Grazer Congress (7.000 \u20ac)<br \/>\n<a href=\"https:\/\/www.facebook.com\/events\/895124574159389\/\">https:\/\/www.facebook.com\/events\/895124574159389\/<\/a><\/p>\n<p>12,7% Erlebniswochenende &#8211;\u00a0Gemeinsame Erlebniswochenenden f\u00fcr Sch\u00fcler*innen und Arbeiter*innen, um dem stressigen Alltag zu entfliehen (7.000 \u20ac)<\/p>\n<p><strong>2017 wurden gew\u00e4hlt:<\/strong><\/p>\n<p>stadtfinden &#8211; Freizeit-App f\u00fcr Jugendliche (7.000 \u20ac)<\/p>\n<p>FTH &#8211; Sozialprojekt\/interkulturelles Fastenbrechen (7.000 \u20ac)<\/p>\n<p>Melodien gegen Traurigkeit &#8211; sozialintegratives Musikprojekt (7.000 \u20ac)<br \/>\n<a href=\"https:\/\/www.facebook.com\/Musik-gegen-Traurigkeit-141595459940486\/\">https:\/\/www.facebook.com\/Musik-gegen-Traurigkeit-141595459940486\/<\/a><\/p>\n<p>TOV &#8211; Image-Videos &amp; Kurzfilme (3.800 \u20ac)<br \/>\n<a href=\"https:\/\/www.facebook.com\/tovgrz\">https:\/\/www.facebook.com\/tovgrz<\/a><br \/>\n<a href=\"https:\/\/www.youtube.com\/channel\/UCODSY1NRWx2k90jGnnHYTqg\/videos\">https:\/\/www.youtube.com\/channel\/UCODSY1NRWx2k90jGnnHYTqg\/videos<\/a><\/p>\n<p>Hype Graz &#8211; Modeprojekt (6.200 \u20ac) &#8211; nicht umgesetzt<\/p>\n<p><strong>2016 wurde gew\u00e4hlt:<\/strong><\/p>\n<p>Pink Lips &#8211; Kurzfilm (7.000 \u20ac)<br \/>\n<a href=\"http:\/\/www.tasteoflove.at\/\">http:\/\/www.tasteoflove.at\/<\/a><br \/>\n<a href=\"https:\/\/vimeo.com\/paulscheufler\/tasteoflove\">https:\/\/vimeo.com\/paulscheufler\/tasteoflove<\/a><br \/>\n<a href=\"https:\/\/www.facebook.com\/tasteoflovemovie\/\">https:\/\/www.facebook.com\/tasteoflovemovie\/<\/a><br \/>\n<a href=\"http:\/\/paulscheufler.com\/\">http:\/\/paulscheufler.com\/<\/a><br \/>\n<a href=\"https:\/\/vimeo.com\/225537983\">https:\/\/vimeo.com\/225537983<\/a><\/p>\n<p>Train &amp; Gain &#8211; Softskills Seminar (7.000 \u20ac)<\/p>\n<p>Mozzik Studioprojekt f\u00fcr Jugendliche (5.000 \u20ac)<\/p>\n<p>R\u00e4der f\u00fcr Alle (3.000 \u20ac)<\/p>\n<p>GRZ_Music Hiphop Projekt (3.000 \u20ac)<\/p>\n<p><strong>2015 wurde gew\u00e4hlt:<\/strong><\/p>\n<ul>\n<li>Robotik (5.000 \u20ac)<\/li>\n<\/ul>\n<p>Stefan Krickl und Team sind zur Internationalen WM von Robotik nach China gefahren! Mit den 5000 \u20ac wurde ein Teil der Fl\u00fcge nach China bezahlt. Mehr unter Keperl-Robotik.<\/p>\n<ul>\n<li>KB- Klips (10.000 \u20ac)<strong><br \/>\n<\/strong><\/li>\n<\/ul>\n<p>Eine Gruppe von neun Mitgliedern die seit zwei Jahren Videos produzieren. (Kurzfilme und Social-Experiments). F\u00fcr das Geld wurde Film-Equipment gekauft.<\/p>\n<ul>\n<li>G:N:L (10.000 \u20ac)<strong><br \/>\n<\/strong><\/li>\n<\/ul>\n<p>Zwei junge ambitionierte Fotok\u00fcnster*innen besuchen New York City\/ London\/ Graz und dokumentieren ihre Sicht auf Jugendkulturen in diesen St\u00e4dten.<\/p>\n<p><strong>2014 wurden gew\u00e4hlt:<\/strong><\/p>\n<ul>\n<li>Biig Dream-25.000 \u20ac<\/li>\n<\/ul>\n<p>Biig Dream ist derzeit im Jugendzentrum Eggenlend verortet. Hier\u00a0kannst du mit Hilfe von Sanctus und seinem Team Songs aufnehmen und\u00a0auch ein dazupassendes Musikvideo gestalten!<\/p>\n<p><strong>2013 wurden gew\u00e4hlt:<\/strong><\/p>\n<ul>\n<li>Irgendwas mit Liebe &#8211; 8.000 \u20ac<\/li>\n<\/ul>\n<p style=\"padding-left: 30px;\">Johannes Fr\u00f6hlich und sein Team haben eine gro\u00dfartigen Film gedreht.<\/p>\n<ul>\n<li>Kick it like Bosco &#8211; 18.000 \u20ac<\/li>\n<\/ul>\n<p style=\"padding-left: 30px;\">mit 18.000 \u20ac wurde der gr\u00f6\u00dfte Teil des neuen Kunstrasenplatz beim Jugenzentrum Don Bosco finanziert und realisiert.<\/p>\n<p><strong>2012 wurden gew\u00e4hlt:<\/strong><\/p>\n<ul>\n<li>Smile for Thailand &#8211; 7.000 \u20ac<\/li>\n<\/ul>\n<p style=\"padding-left: 30px;\">3 Sch\u00fclerinnen wollen 3 Wochen nach Thailand um mit burmesischen Fl\u00fcchtlingskindern zu arbeiten.<\/p>\n<ul>\n<li>Natura \/ Periculum \/ Finis &#8211; 3.000 \u20ac<\/li>\n<\/ul>\n<p style=\"padding-left: 30px;\">Modeschau &amp; Clubbing in der Papierfabrik.<\/p>\n<ul>\n<li>G.A. K\u00fcnstlerkollektiv &#8211; 15.000 \u20ac<\/li>\n<\/ul>\n<p style=\"padding-left: 30px;\">Raum f\u00fcr ein sich formierendes K\u00fcnstlerkollektiv, neues Selbstbewusstsein, kreativer Pool.<\/p>\n<ul>\n<li>Das Hypo Talent &#8211; 8.000 \u20ac<\/li>\n<\/ul>\n<p style=\"padding-left: 30px;\">Das HYPO.TALENT ist ein Talent-Wettbewerb f\u00fcr steirische Sch\u00fclerinnen und Sch\u00fcler.<\/p>\n<p><strong>2011 wurden gew\u00e4hlt:<\/strong><\/p>\n<ul>\n<li>Betonsound: von der Stra\u00dfe ins Studio &#8211; 13.000 \u20ac<\/li>\n<\/ul>\n<p style=\"padding-left: 30px;\">Die bekannten Eggenberger Rapper von Betonsound m\u00f6chten ein Tonstudio einrichten \u2013 aber nicht nur f\u00fcr sich! Wie der Projektname schon sagt, sollen Kids von der Stra\u00dfe ins Studio geholt werden und die M\u00f6glichkeit haben, mit Hilfe der Profis von Betonsound Musik zu machen.<\/p>\n<ul>\n<li>Summerweek &#8211; 3.000 \u20ac<\/li>\n<\/ul>\n<p style=\"padding-left: 30px;\">Rund 15 Jugendliche aus dem Jugendzentrum YAP haben vor, auch einmal 1 Woche auf Erholung zu fahren \u2013 miteinander m\u00f6chten sie eine gute Zeit verbringen!<\/p>\n","protected":false},"excerpt":{"rendered":"<p>Hier\u00a0kannst du dir ansehen, welche Ideen in den letzten Jahren mit dem proAct Jugendbudget realisiert wurden! 2025 wurden 204 Projektstimmen von 102 wahlberechtigten Personen abgegeben, wovon 13 leere Stimmen waren. Mit einer Stimmen-Mehrheit erhielten folgende Projekte eine F\u00f6rderung in H\u00f6he von \u20ac 5.000.-: 15,7% Spray to Go &#8211; Ein Parfum-Automat im \u00f6ffentlichen Raum, damit Nutzer*innen [&hellip;]<\/p>\n","protected":false},"author":6,"featured_media":0,"parent":0,"menu_order":0,"comment_status":"closed","ping_status":"closed","template":"","meta":{"footnotes":""},"class_list":["post-230","page","type-page","status-publish","hentry"],"_links":{"self":[{"href":"https:\/\/www.pro-act.at\/Jugendgemeinderat-Graz\/wp-json\/wp\/v2\/pages\/230","targetHints":{"allow":["GET"]}}],"collection":[{"href":"https:\/\/www.pro-act.at\/Jugendgemeinderat-Graz\/wp-json\/wp\/v2\/pages"}],"about":[{"href":"https:\/\/www.pro-act.at\/Jugendgemeinderat-Graz\/wp-json\/wp\/v2\/types\/page"}],"author":[{"embeddable":true,"href":"https:\/\/www.pro-act.at\/Jugendgemeinderat-Graz\/wp-json\/wp\/v2\/users\/6"}],"replies":[{"embeddable":true,"href":"https:\/\/www.pro-act.at\/Jugendgemeinderat-Graz\/wp-json\/wp\/v2\/comments?post=230"}],"version-history":[{"count":11,"href":"https:\/\/www.pro-act.at\/Jugendgemeinderat-Graz\/wp-json\/wp\/v2\/pages\/230\/revisions"}],"predecessor-version":[{"id":1119,"href":"https:\/\/www.pro-act.at\/Jugendgemeinderat-Graz\/wp-json\/wp\/v2\/pages\/230\/revisions\/1119"}],"wp:attachment":[{"href":"https:\/\/www.pro-act.at\/Jugendgemeinderat-Graz\/wp-json\/wp\/v2\/media?parent=230"}],"curies":[{"name":"wp","href":"https:\/\/api.w.org\/{rel}","templated":true}]}}