{"id":40,"date":"2011-10-05T17:30:13","date_gmt":"2011-10-05T16:30:13","guid":{"rendered":"http:\/\/www.pro-act.at\/Jugendgemeinderat-Graz\/?page_id=40"},"modified":"2026-01-10T15:19:52","modified_gmt":"2026-01-10T14:19:52","slug":"ablauf","status":"publish","type":"page","link":"https:\/\/www.pro-act.at\/Jugendgemeinderat-Graz\/ablauf\/","title":{"rendered":"Ablauf proAct 2026"},"content":{"rendered":"\n<p><strong>Zuerst informieren:<\/strong> Auf unsere Website und auf Instagram\/TikTok findest du weitere Infos und Projekte der Vorjahre. Oder du rufst uns einfach an!<br \/><a href=\"https:\/\/www.pro-act.at\/Jugendgemeinderat-Graz\/aktuelle_projekte\/\">Hier<\/a> findest du auch kurze Beschreibungen zu den Projekten, die bei proAct 2025 pr\u00e4sentiert wurden.<\/p>\n\n\n\n<p><strong>Dann anmelden:<\/strong> Ab sofort <strong>bis sp\u00e4testens 04. April 2026<\/strong> kannst du dein Projekt einreichen! (E-Mail, Telefon\/WhatsApp, oder direkt bei uns im Jugendtreffpunkt Dietrichskeusch&#8217;n).<\/p>\n\n\n\n<p><strong>Pr\u00e4sentiere dein Projekt:<\/strong> <strong>Am 17. April 2026<\/strong>, beim proAct-Event im <strong>Orpheum<\/strong>, stellst du dein Projekt anderen Jugendlichen vor. Die Pr\u00e4sentation muss sp\u00e4testens eine Woche davor fertig sein &#8211; dann k\u00f6nnen wir noch \u00fcben! Wichtig ist uns, dass in deiner Pr\u00e4sentation ein Budgetplan und eine \u00dcbersicht des Projektes zu finden sind.Start ist um 15:00 Uhr im Orpheum. Die Veranstaltung dauert in etwa bis 19:30 Uhr.<\/p>\n\n\n\n<hr class=\"wp-block-separator has-alpha-channel-opacity is-style-wide\"\/>\n\n\n\n<p class=\"has-text-align-center has-medium-font-size\"><strong>proAct Event 2026<\/strong><\/p>\n\n\n\n<p class=\"has-text-align-center has-small-font-size\"><strong>Freitag, 17. April 2026, ab 15:00 Uhr<br \/>Orpheum Graz, Orpheumgasse 8, 8020 Graz<\/strong><\/p>\n\n\n\n<hr class=\"wp-block-separator has-alpha-channel-opacity is-style-wide\"\/>\n\n\n\n<p><strong>Abstimmung:<\/strong> Alle Besucher*innen\/Teilnehmer*innen von 14 bis 21 Jahren, die sich bis sp\u00e4testens bis 17:00 Uhr beim Eingang registrieren sind stimmberechtigt. Bitte vergesst nicht einen <strong>amtlichen Lichtbildausweis<\/strong> mitzubringen.&nbsp;Jede Stimme z\u00e4hlt!<\/p>\n\n\n\n<p><strong>Und Action:<\/strong> Das proAct-Team Chris und \u0160pela unterst\u00fctzen dich bei der Umsetzung deines Projektes.<\/p>\n\n\n\n<p><strong>Umsetzung:<\/strong> Mit deinem Projekt kannst du am 18. April 2026 starten und hast anschlie\u00dfend bis zu n\u00e4chsten proAct Zeit es umzusetzen.<\/p>\n\n\n<div class=\"wp-block-image\">\n<figure class=\"aligncenter size-large\"><img loading=\"lazy\" decoding=\"async\" width=\"380\" height=\"366\" src=\"https:\/\/www.pro-act.at\/Jugendgemeinderat-Graz\/wp-content\/uploads\/2026\/01\/Fahrplan-380x366.png\" alt=\"\" class=\"wp-image-1266\" srcset=\"https:\/\/www.pro-act.at\/Jugendgemeinderat-Graz\/wp-content\/uploads\/2026\/01\/Fahrplan-380x366.png 380w, https:\/\/www.pro-act.at\/Jugendgemeinderat-Graz\/wp-content\/uploads\/2026\/01\/Fahrplan-624x601.png 624w, https:\/\/www.pro-act.at\/Jugendgemeinderat-Graz\/wp-content\/uploads\/2026\/01\/Fahrplan.png 711w\" sizes=\"auto, (max-width: 380px) 100vw, 380px\" \/><figcaption class=\"wp-element-caption\">So funktioniert proAct!<\/figcaption><\/figure>\n<\/div>\n\n\n<p><\/p>\n","protected":false},"excerpt":{"rendered":"<p>Zuerst informieren: Auf unsere Website und auf Instagram\/TikTok findest du weitere Infos und Projekte der Vorjahre. Oder du rufst uns einfach an!Hier findest du auch kurze Beschreibungen zu den Projekten, die bei proAct 2025 pr\u00e4sentiert wurden. Dann anmelden: Ab sofort bis sp\u00e4testens 04. April 2026 kannst du dein Projekt einreichen! (E-Mail, Telefon\/WhatsApp, oder direkt bei [&hellip;]<\/p>\n","protected":false},"author":6,"featured_media":0,"parent":0,"menu_order":0,"comment_status":"closed","ping_status":"closed","template":"","meta":{"footnotes":""},"class_list":["post-40","page","type-page","status-publish","hentry"],"_links":{"self":[{"href":"https:\/\/www.pro-act.at\/Jugendgemeinderat-Graz\/wp-json\/wp\/v2\/pages\/40","targetHints":{"allow":["GET"]}}],"collection":[{"href":"https:\/\/www.pro-act.at\/Jugendgemeinderat-Graz\/wp-json\/wp\/v2\/pages"}],"about":[{"href":"https:\/\/www.pro-act.at\/Jugendgemeinderat-Graz\/wp-json\/wp\/v2\/types\/page"}],"author":[{"embeddable":true,"href":"https:\/\/www.pro-act.at\/Jugendgemeinderat-Graz\/wp-json\/wp\/v2\/users\/6"}],"replies":[{"embeddable":true,"href":"https:\/\/www.pro-act.at\/Jugendgemeinderat-Graz\/wp-json\/wp\/v2\/comments?post=40"}],"version-history":[{"count":10,"href":"https:\/\/www.pro-act.at\/Jugendgemeinderat-Graz\/wp-json\/wp\/v2\/pages\/40\/revisions"}],"predecessor-version":[{"id":1267,"href":"https:\/\/www.pro-act.at\/Jugendgemeinderat-Graz\/wp-json\/wp\/v2\/pages\/40\/revisions\/1267"}],"wp:attachment":[{"href":"https:\/\/www.pro-act.at\/Jugendgemeinderat-Graz\/wp-json\/wp\/v2\/media?parent=40"}],"curies":[{"name":"wp","href":"https:\/\/api.w.org\/{rel}","templated":true}]}}