{"id":42,"date":"2011-10-05T09:48:15","date_gmt":"2011-10-05T08:48:15","guid":{"rendered":"http:\/\/www.pro-act.at\/Jugendgemeinderat-Graz\/?page_id=42"},"modified":"2025-11-27T16:11:54","modified_gmt":"2025-11-27T15:11:54","slug":"mitmachen","status":"publish","type":"page","link":"https:\/\/www.pro-act.at\/Jugendgemeinderat-Graz\/mitmachen\/","title":{"rendered":"Mitmachen"},"content":{"rendered":"\n<p class=\"has-medium-font-size\"><strong>Wie kannst du bei proAct mitmachen?<\/strong><\/p>\n\n\n\n<p id=\"block-6c6e827a-1d62-4dd5-b9a2-2d2e3e0e6215\"><strong>Option 1: Projekt einreichen<\/strong> &#8211; <strong>\u20ac 5.000.- f\u00fcr DEIN PROJEKT<\/strong> <\/p>\n\n\n\n<div class=\"wp-block-group is-nowrap is-layout-flex wp-container-core-group-is-layout-ad2f72ca wp-block-group-is-layout-flex\">\n<div class=\"wp-block-group is-content-justification-right is-nowrap is-layout-flex wp-container-core-group-is-layout-fd526d70 wp-block-group-is-layout-flex\">\n<div class=\"wp-block-group is-layout-grid wp-container-core-group-is-layout-da7a6a80 wp-block-group-is-layout-grid\">\n<ul id=\"block-b0775b78-4114-4d93-a64b-d17814d95d58\" class=\"wp-block-list\">\n<li>Du bist 14 bis 21 Jahre?<\/li>\n\n\n\n<li>Du hast eine Idee?<\/li>\n\n\n\n<li>Melde dich bei uns, oder sende das <strong><a href=\"https:\/\/www.pro-act.at\/Jugendgemeinderat-Graz\/wp-content\/uploads\/2025\/11\/proAct-Anmeldeformular_2026.pdf\" target=\"_blank\" rel=\"noreferrer noopener\">proAct Anmeldeformular<\/a><\/strong>.<\/li>\n\n\n\n<li>Pr\u00e4sentiere dein Projekt vor anderen Jugendlichen.<\/li>\n\n\n\n<li>W\u00e4hle und stimme ab, welche Projekte bis \u20ac 5.000.- erhalten sollen.<\/li>\n<\/ul>\n\n\n\n<figure class=\"wp-block-image size-large is-resized\"><img loading=\"lazy\" decoding=\"async\" width=\"380\" height=\"253\" src=\"https:\/\/www.pro-act.at\/Jugendgemeinderat-Graz\/wp-content\/uploads\/2025\/10\/MR_proAct_1600_173-380x253.jpg\" alt=\"\" class=\"wp-image-1163\" style=\"width:300px\" srcset=\"https:\/\/www.pro-act.at\/Jugendgemeinderat-Graz\/wp-content\/uploads\/2025\/10\/MR_proAct_1600_173-380x253.jpg 380w, https:\/\/www.pro-act.at\/Jugendgemeinderat-Graz\/wp-content\/uploads\/2025\/10\/MR_proAct_1600_173-120x80.jpg 120w, https:\/\/www.pro-act.at\/Jugendgemeinderat-Graz\/wp-content\/uploads\/2025\/10\/MR_proAct_1600_173-768x512.jpg 768w, https:\/\/www.pro-act.at\/Jugendgemeinderat-Graz\/wp-content\/uploads\/2025\/10\/MR_proAct_1600_173-1536x1024.jpg 1536w, https:\/\/www.pro-act.at\/Jugendgemeinderat-Graz\/wp-content\/uploads\/2025\/10\/MR_proAct_1600_173-624x416.jpg 624w, https:\/\/www.pro-act.at\/Jugendgemeinderat-Graz\/wp-content\/uploads\/2025\/10\/MR_proAct_1600_173.jpg 1600w\" sizes=\"auto, (max-width: 380px) 100vw, 380px\" \/><\/figure>\n<\/div>\n<\/div>\n<\/div>\n\n\n\n<p id=\"block-5be7841f-ffde-4dd7-827f-1a6fa9c8df09\"><strong>Option 2: Mitentscheiden<\/strong> &#8211; <strong>Projekte unterst\u00fctzen<\/strong><\/p>\n\n\n\n<div class=\"wp-block-group is-layout-grid wp-container-core-group-is-layout-a50603d2 wp-block-group-is-layout-grid\">\n<figure class=\"wp-block-image size-large is-resized\"><img loading=\"lazy\" decoding=\"async\" width=\"380\" height=\"253\" src=\"https:\/\/www.pro-act.at\/Jugendgemeinderat-Graz\/wp-content\/uploads\/2025\/10\/MR_proAct_1600_214-380x253.jpg\" alt=\"\" class=\"wp-image-1162\" style=\"width:300px;height:auto\" srcset=\"https:\/\/www.pro-act.at\/Jugendgemeinderat-Graz\/wp-content\/uploads\/2025\/10\/MR_proAct_1600_214-380x253.jpg 380w, https:\/\/www.pro-act.at\/Jugendgemeinderat-Graz\/wp-content\/uploads\/2025\/10\/MR_proAct_1600_214-120x80.jpg 120w, https:\/\/www.pro-act.at\/Jugendgemeinderat-Graz\/wp-content\/uploads\/2025\/10\/MR_proAct_1600_214-768x512.jpg 768w, https:\/\/www.pro-act.at\/Jugendgemeinderat-Graz\/wp-content\/uploads\/2025\/10\/MR_proAct_1600_214-1536x1024.jpg 1536w, https:\/\/www.pro-act.at\/Jugendgemeinderat-Graz\/wp-content\/uploads\/2025\/10\/MR_proAct_1600_214-624x416.jpg 624w, https:\/\/www.pro-act.at\/Jugendgemeinderat-Graz\/wp-content\/uploads\/2025\/10\/MR_proAct_1600_214.jpg 1600w\" sizes=\"auto, (max-width: 380px) 100vw, 380px\" \/><\/figure>\n\n\n\n<ul id=\"block-5675dca8-118b-47ae-89ec-dad73aca1af8\" class=\"wp-block-list\">\n<li>Du bist 14 bis 21 Jahre?<\/li>\n\n\n\n<li>Du m\u00f6chtest mitentscheiden, welche Projekte gef\u00f6rdert werden?<\/li>\n\n\n\n<li>Du bist interessiert an den Ideen anderer Jugendlicher?<\/li>\n\n\n\n<li>Komm und h\u00f6r dir die Pr\u00e4sentationen an.<\/li>\n\n\n\n<li>Entscheide mit deiner Stimme mit, welche Projekte bis \u20ac 5.000.- erhalten sollen.<\/li>\n<\/ul>\n<\/div>\n\n\n\n<div class=\"wp-block-media-text has-media-on-the-right is-stacked-on-mobile has-white-background-color has-background\"><div class=\"wp-block-media-text__content\">\n<p>Das sind <strong>Chris &amp; \u0160pela von proAct<\/strong>. Sie unterst\u00fctzen dich bei deinem Projekt. <\/p>\n<\/div><figure class=\"wp-block-media-text__media\"><img decoding=\"async\" src=\"https:\/\/www.pro-act.at\/Jugendgemeinderat-Graz\/wp-content\/uploads\/2025\/11\/MR2309_DK_Team015-331x380.jpg\" alt=\"\" class=\"wp-image-1165 size-full\"\/><\/figure><\/div>\n","protected":false},"excerpt":{"rendered":"<p>Wie kannst du bei proAct mitmachen? Option 1: Projekt einreichen &#8211; \u20ac 5.000.- f\u00fcr DEIN PROJEKT Option 2: Mitentscheiden &#8211; Projekte unterst\u00fctzen Das sind Chris &amp; \u0160pela von proAct. Sie unterst\u00fctzen dich bei deinem Projekt.<\/p>\n","protected":false},"author":6,"featured_media":0,"parent":0,"menu_order":0,"comment_status":"closed","ping_status":"closed","template":"","meta":{"footnotes":""},"class_list":["post-42","page","type-page","status-publish","hentry"],"_links":{"self":[{"href":"https:\/\/www.pro-act.at\/Jugendgemeinderat-Graz\/wp-json\/wp\/v2\/pages\/42","targetHints":{"allow":["GET"]}}],"collection":[{"href":"https:\/\/www.pro-act.at\/Jugendgemeinderat-Graz\/wp-json\/wp\/v2\/pages"}],"about":[{"href":"https:\/\/www.pro-act.at\/Jugendgemeinderat-Graz\/wp-json\/wp\/v2\/types\/page"}],"author":[{"embeddable":true,"href":"https:\/\/www.pro-act.at\/Jugendgemeinderat-Graz\/wp-json\/wp\/v2\/users\/6"}],"replies":[{"embeddable":true,"href":"https:\/\/www.pro-act.at\/Jugendgemeinderat-Graz\/wp-json\/wp\/v2\/comments?post=42"}],"version-history":[{"count":10,"href":"https:\/\/www.pro-act.at\/Jugendgemeinderat-Graz\/wp-json\/wp\/v2\/pages\/42\/revisions"}],"predecessor-version":[{"id":1192,"href":"https:\/\/www.pro-act.at\/Jugendgemeinderat-Graz\/wp-json\/wp\/v2\/pages\/42\/revisions\/1192"}],"wp:attachment":[{"href":"https:\/\/www.pro-act.at\/Jugendgemeinderat-Graz\/wp-json\/wp\/v2\/media?parent=42"}],"curies":[{"name":"wp","href":"https:\/\/api.w.org\/{rel}","templated":true}]}}